{"id":7023,"date":"2025-01-10T15:08:15","date_gmt":"2025-01-10T15:08:15","guid":{"rendered":"https:\/\/calmind.com.tr\/hakkimizda\/"},"modified":"2025-02-06T15:32:14","modified_gmt":"2025-02-06T15:32:14","slug":"about-us","status":"publish","type":"page","link":"https:\/\/calmind.com.tr\/en\/about-us\/","title":{"rendered":"About Us"},"content":{"rendered":"\t\t<div data-elementor-type=\"wp-page\" data-elementor-id=\"7023\" class=\"elementor elementor-7023 elementor-6475\">\n\t\t\t\t\t\t<section class=\"elementor-section elementor-top-section elementor-element elementor-element-7acec1d elementor-section-boxed elementor-section-height-default elementor-section-height-default\" data-id=\"7acec1d\" data-element_type=\"section\">\n\t\t\t\t\t\t<div class=\"elementor-container elementor-column-gap-default\">\n\t\t\t\t\t<div class=\"elementor-column elementor-col-50 elementor-top-column elementor-element elementor-element-3feca8e\" data-id=\"3feca8e\" data-element_type=\"column\">\n\t\t\t<div class=\"elementor-widget-wrap elementor-element-populated\">\n\t\t\t\t\t\t<div class=\"elementor-element elementor-element-f4cf080 elementor-widget__width-initial elementor-widget elementor-widget-ld_fancy_image\" data-id=\"f4cf080\" data-element_type=\"widget\" data-widget_type=\"ld_fancy_image.default\">\n\t\t\t\t<div class=\"elementor-widget-container\">\n\t\t\t\t\t\n\t\t<div class=\"lqd-imggrp-single d-block pos-rel \">\n\t\t\t<div class=\"lqd-imggrp-img-container d-inline-flex pos-rel align-items-center justify-content-center \">\n\t\t\t\t\t\t\t\t<figure class=\"w-100 pos-rel\">\n\t\t\t\t\t<img fetchpriority=\"high\" decoding=\"async\" width=\"1582\" height=\"1934\" src=\"https:\/\/calmind.com.tr\/wp-content\/uploads\/2025\/01\/kimzi-transformed-1.jpeg\" class=\"attachment-full size-full wp-image-6557\" alt=\"\" srcset=\"https:\/\/calmind.com.tr\/wp-content\/uploads\/2025\/01\/kimzi-transformed-1.jpeg 1582w, https:\/\/calmind.com.tr\/wp-content\/uploads\/2025\/01\/kimzi-transformed-1-245x300.jpeg 245w, https:\/\/calmind.com.tr\/wp-content\/uploads\/2025\/01\/kimzi-transformed-1-838x1024.jpeg 838w, https:\/\/calmind.com.tr\/wp-content\/uploads\/2025\/01\/kimzi-transformed-1-1256x1536.jpeg 1256w\" sizes=\"(max-width: 1582px) 100vw, 1582px\" \/>\t\t\t\t\t\t\t\t\t\t\t\t\t\t\t\t\t\t\t\t\t\t\t\t\t\t\t\t\t<\/figure>\n\t\t\t<\/div>\n\t\t<\/div>\n\n\t\t\t\t\t<\/div>\n\t\t\t\t<\/div>\n\t\t\t\t\t<\/div>\n\t\t<\/div>\n\t\t\t\t<div class=\"elementor-column elementor-col-50 elementor-top-column elementor-element elementor-element-99d2554\" data-id=\"99d2554\" data-element_type=\"column\">\n\t\t\t<div class=\"elementor-widget-wrap elementor-element-populated\">\n\t\t\t\t\t\t<div class=\"elementor-element elementor-element-45fa005 elementor-widget elementor-widget-hub_fancy_heading\" data-id=\"45fa005\" data-element_type=\"widget\" data-widget_type=\"hub_fancy_heading.default\">\n\t\t\t\t<div class=\"elementor-widget-container\">\n\t\t\t\t\t\n\t\t<div id=\"ld-fancy-heading-69f56de8b5921\" class=\"ld-fancy-heading pos-rel\">\n\t\t\t<h6 class=\"ld-fh-element d-inline-block pos-rel  elementor-heading-title lqd-highlight-classic lqd-highlight-grow-left h6\"  > CALMIND PSYCHOLOGY<\/h6>\t\t<\/div>\n\n\t\t\t\t\t\t<\/div>\n\t\t\t\t<\/div>\n\t\t\t\t<div class=\"elementor-element elementor-element-f9fa7c4 elementor-widget__width-initial elementor-widget elementor-widget-hub_fancy_heading lqd-el-has-inner-anim\" data-id=\"f9fa7c4\" data-element_type=\"widget\" data-settings=\"{&quot;enable_split&quot;:&quot;true&quot;,&quot;split_type&quot;:&quot;words&quot;}\" data-widget_type=\"hub_fancy_heading.default\">\n\t\t\t\t<div class=\"elementor-widget-container\">\n\t\t\t\t\t\n\t\t<div id=\"ld-fancy-heading-69f56de8b5b64\" class=\"ld-fancy-heading pos-rel\">\n\t\t\t<h2 class=\"ld-fh-element d-inline-block pos-rel  elementor-heading-title lqd-highlight-classic lqd-highlight-grow-left lqd-split-words h2\"  data-inview=\"true\" data-transition-delay=\"true\" data-delay-options=\"{&quot;elements&quot;:&quot;.lqd-highlight-inner&quot;,&quot;delayType&quot;:&quot;transition&quot;}\" data-split-text=\"true\" data-split-options='{\"type\":\"words\"}'> <span class=\"lqd-adv-txt-item elementor-repeater-item-a2474c6\">Sanem <\/span><span class=\"lqd-adv-txt-item elementor-repeater-item-c3a1ac0\">Akkurt<\/span><\/h2>\t\t<\/div>\n\n\t\t\t\t\t\t<\/div>\n\t\t\t\t<\/div>\n\t\t\t\t<div class=\"elementor-element elementor-element-ebfa7e3 elementor-widget elementor-widget-hub_fancy_heading\" data-id=\"ebfa7e3\" data-element_type=\"widget\" data-widget_type=\"hub_fancy_heading.default\">\n\t\t\t\t<div class=\"elementor-widget-container\">\n\t\t\t\t\t\n\t\t<div id=\"ld-fancy-heading-69f56de8b5d27\" class=\"ld-fancy-heading pos-rel\">\n\t\t\t<p class=\"ld-fh-element d-inline-block pos-rel  lqd-highlight-classic lqd-highlight-grow-left p\"  > Sanem Akkurt, who graduated early from Sabanc\u0131 University with a degree in Psychology, completed clinical observation and experience internships at various clinics and at Erenk\u00f6y Mental and Nervous Diseases Hospital (inpatient service) during her undergraduate studies.<br><br>\n\nShe completed her postgraduate studies at Istanbul Ayd\u0131n University in the Clinical Psychology program, submitting a project that thoroughly researched the effectiveness of Schema Therapy on Personality Disorders.<br><br>\n\nDuring her postgraduate education and while pursuing her specialization, she continued her long-term supervision training in both individual therapy, which was predominantly Schema Therapy-focused, as well as in Marriage, Couples, and Sexual Therapy processes.<br><br>\n\nAs a Specialist Clinical Psychologist, she focuses on areas such as depression, anxiety disorders, self-compassion, sexual dysfunctions, trauma\/post-traumatic stress disorder, mindfulness, relational problems, family conflicts, anger management, and eating-sleeping disorders. In Family and Couples Therapy, she works on issues related to communication problems stemming from the family of origin, trauma, infidelity, divorce adaptation processes, self-expression, and compatibility.<br><br>\n\nShe especially adopts an integrative and cognitive 'Schema Therapy' approach and provides counseling services to adults and couples from different age groups.<\/p>\t\t<\/div>\n\n\t\t\t\t\t\t<\/div>\n\t\t\t\t<\/div>\n\t\t\t\t\t<\/div>\n\t\t<\/div>\n\t\t\t\t\t<\/div>\n\t\t<\/section>\n\t\t<div class=\"elementor-element elementor-element-c29b1cb e-flex e-con-boxed e-con e-parent\" data-id=\"c29b1cb\" data-element_type=\"container\">\n\t\t\t\t\t<div class=\"e-con-inner\">\n\t\t\t\t<div class=\"elementor-element elementor-element-bf72f64 elementor-widget elementor-widget-hub_fancy_heading lqd-el-has-inner-anim\" data-id=\"bf72f64\" data-element_type=\"widget\" data-settings=\"{&quot;enable_split&quot;:&quot;true&quot;,&quot;split_type&quot;:&quot;words&quot;}\" data-widget_type=\"hub_fancy_heading.default\">\n\t\t\t\t<div class=\"elementor-widget-container\">\n\t\t\t\t\t\n\t\t<div id=\"ld-fancy-heading-69f56de8b5ea5\" class=\"ld-fancy-heading pos-rel\">\n\t\t\t<h2 class=\"ld-fh-element d-inline-block pos-rel  elementor-heading-title lqd-highlight-classic lqd-highlight-grow-left lqd-split-words h2\"  data-inview=\"true\" data-transition-delay=\"true\" data-delay-options=\"{&quot;elements&quot;:&quot;.lqd-highlight-inner&quot;,&quot;delayType&quot;:&quot;transition&quot;}\" data-split-text=\"true\" data-split-options='{\"type\":\"words\"}'> <span class=\"lqd-adv-txt-item elementor-repeater-item-a2474c6\">Experience<\/span><\/h2>\t\t<\/div>\n\n\t\t\t\t\t\t<\/div>\n\t\t\t\t<\/div>\n\t\t\t\t<div class=\"elementor-element elementor-element-da1a123 elementor-widget elementor-widget-hub_fancy_heading\" data-id=\"da1a123\" data-element_type=\"widget\" data-widget_type=\"hub_fancy_heading.default\">\n\t\t\t\t<div class=\"elementor-widget-container\">\n\t\t\t\t\t\n\t\t<div id=\"ld-fancy-heading-69f56de8b602e\" class=\"ld-fancy-heading pos-rel\">\n\t\t\t<p class=\"ld-fh-element d-inline-block pos-rel  lqd-highlight-classic lqd-highlight-grow-left p\"  > \u25cf Erenk\u00f6y Mental and Nervous Diseases Training and Research Hospital (intern, 2019)<br>\n\u25cf Kim Psychology (intern, 2018)<br>\n\u25cf Ekol Psychological and Pedagogical Counseling Center (intern, 2018-19)<br>\n\u25cf UNICEF Turkey National Committee, Face to Face Project (Face-to-Face, 2017)<br>\n\u25cf K\u00f6k Counseling, Clinical Psychologist (January 2021-May 2023)<br>\n\u25cf Beta Psychology, Clinical Psychologist (January 2022, October 2024)<br>\n\u25cf 5N1KPsikoAkademi, Clinical Psychologist (April 2023, October 2024)<br>\n\u25cf Calmind Psychology, Founder (October 2024, present)<br><\/p>\t\t<\/div>\n\n\t\t\t\t\t\t<\/div>\n\t\t\t\t<\/div>\n\t\t\t\t\t<\/div>\n\t\t\t\t<\/div>\n\t\t<div class=\"elementor-element elementor-element-e813351 e-flex e-con-boxed e-con e-parent\" data-id=\"e813351\" data-element_type=\"container\">\n\t\t\t\t\t<div class=\"e-con-inner\">\n\t\t\t\t<div class=\"elementor-element elementor-element-8628956 elementor-widget elementor-widget-hub_fancy_heading lqd-el-has-inner-anim\" data-id=\"8628956\" data-element_type=\"widget\" data-settings=\"{&quot;enable_split&quot;:&quot;true&quot;,&quot;split_type&quot;:&quot;words&quot;}\" data-widget_type=\"hub_fancy_heading.default\">\n\t\t\t\t<div class=\"elementor-widget-container\">\n\t\t\t\t\t\n\t\t<div id=\"ld-fancy-heading-69f56de8b61a0\" class=\"ld-fancy-heading pos-rel\">\n\t\t\t<h2 class=\"ld-fh-element d-inline-block pos-rel  elementor-heading-title lqd-highlight-classic lqd-highlight-grow-left lqd-split-words h2\"  data-inview=\"true\" data-transition-delay=\"true\" data-delay-options=\"{&quot;elements&quot;:&quot;.lqd-highlight-inner&quot;,&quot;delayType&quot;:&quot;transition&quot;}\" data-split-text=\"true\" data-split-options='{\"type\":\"words\"}'> <span class=\"lqd-adv-txt-item elementor-repeater-item-a2474c6\">Education<\/span><\/h2>\t\t<\/div>\n\n\t\t\t\t\t\t<\/div>\n\t\t\t\t<\/div>\n\t\t\t\t<div class=\"elementor-element elementor-element-140854b elementor-widget elementor-widget-hub_fancy_heading\" data-id=\"140854b\" data-element_type=\"widget\" data-widget_type=\"hub_fancy_heading.default\">\n\t\t\t\t<div class=\"elementor-widget-container\">\n\t\t\t\t\t\n\t\t<div id=\"ld-fancy-heading-69f56de8b6326\" class=\"ld-fancy-heading pos-rel\">\n\t\t\t<p class=\"ld-fh-element d-inline-block pos-rel  lqd-highlight-classic lqd-highlight-grow-left p\"  > \u25cf Sabanc\u0131 University (Istanbul, 2019)<br>\n\u25cf Istanbul Ayd\u0131n University (Istanbul, 2020)<br>\n\u25cf Schema Therapy Training (by International Schema Therapy Society, Alp Karaosmano\u011flu) April, 2019<br>\n\u25cf Basic Hypnosis and Hypnotherapy Training (by Mental Health Association) May, 2018<br>\n\u25cf Psychological First Aid Training (Mental Health Association) April 2020<br>\n\u25cf Marriage, Couple, and Sexual Therapy Training (by CITEB)<br>\n\u25cf Sign Language Training (by Anatolian Deaf Federation) May, 2018<br>\n\u25cf Child-Adolescent Counseling Career Preparation Program (Ekol Psychology), November 2019<br>\n\u25cf Clinical Psychology Workshop (Madalyon Psychiatry) August 2019<br>\n\u25cf Moxo Attention Test Training<br>\n\u25cf Working with Sleep Disorders Training<br>\n\u25cf Mindfulness Training (Basic Level)<br>\n\u25cf Intervention Techniques in Couple Therapies Training<br>\n\u25cf Applied Counseling Techniques Training<br>\n\u25cf Psychotherapy in Personality Disorders Training, Dr. Ferah Day\u0131, PsikalPark<br>\n\u25cf ACT Applications in Psychotherapy, Psychiatrist \u0130mbat Ta\u015fk\u0131n, S\u00dcRE\u00c7 ACADEMY<br>\n\u25cf Schema Therapy Training (Intensive Program + Supervision), 5N1KPsikoAkademi<br>\n\u25cf Attachment-Based Family Therapy Training, Dr. Suzanne Levy &amp; Ashley A. King<br>\n\u25cf Working with Angry Clients, S\u00dcRE\u00c7 ACADEMY<br>\n\u25cf MMPI Training, Turkish Psychological Association (32 hours)<br>\n\u25cf Complex Trauma Training, PESI UK (60 hours)<br>\n\u25cf Integrative Attachment Seminar Series (35 sessions), The Weekend University<br>\n\u25cf Couples Therapy Seminar Series (PESI Australia)<br><\/p>\t\t<\/div>\n\n\t\t\t\t\t\t<\/div>\n\t\t\t\t<\/div>\n\t\t\t\t\t<\/div>\n\t\t\t\t<\/div>\n\t\t\t\t<\/div>\n\t\t","protected":false},"excerpt":{"rendered":"<p>CALMIND PSYCHOLOGY Sanem Akkurt Sanem Akkurt, who graduated early from Sabanc\u0131 University with a degree in Psychology, completed clinical observation and experience internships at various clinics and at Erenk\u00f6y Mental and Nervous Diseases Hospital (inpatient service) during her undergraduate studies. She completed her postgraduate studies at Istanbul Ayd\u0131n University in the Clinical Psychology program, submitting [&hellip;]<\/p>\n","protected":false},"author":1,"featured_media":0,"parent":0,"menu_order":0,"comment_status":"closed","ping_status":"closed","template":"","meta":{"_joinchat":[],"footnotes":""},"class_list":["post-7023","page","type-page","status-publish","hentry"],"_links":{"self":[{"href":"https:\/\/calmind.com.tr\/en\/wp-json\/wp\/v2\/pages\/7023","targetHints":{"allow":["GET"]}}],"collection":[{"href":"https:\/\/calmind.com.tr\/en\/wp-json\/wp\/v2\/pages"}],"about":[{"href":"https:\/\/calmind.com.tr\/en\/wp-json\/wp\/v2\/types\/page"}],"author":[{"embeddable":true,"href":"https:\/\/calmind.com.tr\/en\/wp-json\/wp\/v2\/users\/1"}],"replies":[{"embeddable":true,"href":"https:\/\/calmind.com.tr\/en\/wp-json\/wp\/v2\/comments?post=7023"}],"version-history":[{"count":0,"href":"https:\/\/calmind.com.tr\/en\/wp-json\/wp\/v2\/pages\/7023\/revisions"}],"wp:attachment":[{"href":"https:\/\/calmind.com.tr\/en\/wp-json\/wp\/v2\/media?parent=7023"}],"curies":[{"name":"wp","href":"https:\/\/api.w.org\/{rel}","templated":true}]}}